{"id":4496,"date":"2020-11-29T10:17:27","date_gmt":"2020-11-29T13:17:27","guid":{"rendered":"https:\/\/meubordado.com.br\/?post_type=product&#038;p=4496"},"modified":"2024-04-13T16:20:52","modified_gmt":"2024-04-13T19:20:52","slug":"pacote-emojis","status":"publish","type":"product","link":"https:\/\/meubordado.com\/?product=pacote-emojis","title":{"rendered":"Pacote com 54 matrizes de Emojis"},"content":{"rendered":"<p><strong>PACOTE<\/strong> com 54 matrizes de <strong>EMOJIS<\/strong><\/p>\n<p>Formatos que ser\u00e3o enviados: Pes, Jef, Dst<\/p>\n<p>Acompanha folha de produ\u00e7\u00e3o, com sequ\u00eancia de cores do bordado.<\/p>\n<p>Envio via: Download &#8211; na compra por cart\u00e3o o download \u00e9 liberado ap\u00f3s o pagamento, nas compras<br \/>\npor boleto ou transfer\u00eancia banc\u00e1ria \u00e9 liberado em 24 horas ap\u00f3s confirma\u00e7\u00e3o do pagamento.<\/p>\n<p>Pedimos para n\u00e3o redimensionar o tamanho do bordado.<\/p>\n<p>Para outros formatos, dimens\u00f5es ou apliques entre em contato atrav\u00e9s do e-mail ou pelo<br \/>\nnosso\u00a0whatsapp.<\/p>\n","protected":false},"excerpt":{"rendered":"<p><strong>Pacote com 54 matrizes de Emojis.<\/strong><\/p>\n<p>Formatos que ser\u00e3o enviados: Pes, Jef, Dst<\/p>\n<p>Acompanha folha de produ\u00e7\u00e3o, com sequ\u00eancia de cores do bordado.<\/p>\n<p>Para outros formatos, dimens\u00f5es, entre em contato atrav\u00e9s do e-mail ou pelo<br \/>\nnosso\u00a0whatsapp.<\/p>\n","protected":false},"featured_media":4497,"comment_status":"closed","ping_status":"closed","template":"","meta":[],"_links":{"self":[{"href":"https:\/\/meubordado.com\/index.php?rest_route=\/wp\/v2\/product\/4496"}],"collection":[{"href":"https:\/\/meubordado.com\/index.php?rest_route=\/wp\/v2\/product"}],"about":[{"href":"https:\/\/meubordado.com\/index.php?rest_route=\/wp\/v2\/types\/product"}],"replies":[{"embeddable":true,"href":"https:\/\/meubordado.com\/index.php?rest_route=%2Fwp%2Fv2%2Fcomments&post=4496"}],"wp:featuredmedia":[{"embeddable":true,"href":"https:\/\/meubordado.com\/index.php?rest_route=\/wp\/v2\/media\/4497"}],"wp:attachment":[{"href":"https:\/\/meubordado.com\/index.php?rest_route=%2Fwp%2Fv2%2Fmedia&parent=4496"}],"curies":[{"name":"wp","href":"https:\/\/api.w.org\/{rel}","templated":true}]}}