{"id":493,"date":"2018-08-05T02:34:59","date_gmt":"2018-08-05T05:34:59","guid":{"rendered":"https:\/\/meubordado.com.br\/?post_type=product&#038;p=493"},"modified":"2024-04-13T15:24:39","modified_gmt":"2024-04-13T18:24:39","slug":"emoji-54","status":"publish","type":"product","link":"https:\/\/meubordado.com\/?product=emoji-54","title":{"rendered":"Emoji 54"},"content":{"rendered":"<p><strong>Emoji 54<\/strong><\/p>\n<p>Dimens\u00f5es: 81.3 x 81.8 mm ( Alt x Lar)<\/p>\n<p>Pontos: 11084\u00a0 \u00a0 \u00a0 Cores: 4<\/p>\n<p>Formatos que ser\u00e3o enviados: Pes, Jef, Dst<\/p>\n<p>Acompanha folha de produ\u00e7\u00e3o, com sequ\u00eancia de cores do bordado.<\/p>\n<p>Envio via: Download &#8211; na compra por cart\u00e3o o download \u00e9 liberado ap\u00f3s o pagamento, nas compras<br \/>\npor boleto ou transfer\u00eancia banc\u00e1ria \u00e9 liberado em 24 horas ap\u00f3s confirma\u00e7\u00e3o do pagamento.<\/p>\n<p>Pedimos para n\u00e3o redimensionar o tamanho do bordado.<\/p>\n<p>Para outros formatos,dimens\u00f5es ou apliques entre em contato atrav\u00e9s do e-mail ou pelo<br \/>\nnosso\u00a0whatsapp.<\/p>\n","protected":false},"excerpt":{"rendered":"<p><strong>Emoji 54<\/strong><\/p>\n<p>Dimens\u00f5es: 81.3 x 81.8 mm ( Alt x Lar)<\/p>\n<p>Pontos: 11084\u00a0 \u00a0 \u00a0 Cores: 4<\/p>\n<p>Formatos que ser\u00e3o enviados: Pes, Jef, Dst<\/p>\n<p>Acompanha folha de produ\u00e7\u00e3o, com sequ\u00eancia de cores do bordado.<\/p>\n","protected":false},"featured_media":418,"comment_status":"open","ping_status":"closed","template":"","meta":[],"_links":{"self":[{"href":"https:\/\/meubordado.com\/index.php?rest_route=\/wp\/v2\/product\/493"}],"collection":[{"href":"https:\/\/meubordado.com\/index.php?rest_route=\/wp\/v2\/product"}],"about":[{"href":"https:\/\/meubordado.com\/index.php?rest_route=\/wp\/v2\/types\/product"}],"replies":[{"embeddable":true,"href":"https:\/\/meubordado.com\/index.php?rest_route=%2Fwp%2Fv2%2Fcomments&post=493"}],"wp:featuredmedia":[{"embeddable":true,"href":"https:\/\/meubordado.com\/index.php?rest_route=\/wp\/v2\/media\/418"}],"wp:attachment":[{"href":"https:\/\/meubordado.com\/index.php?rest_route=%2Fwp%2Fv2%2Fmedia&parent=493"}],"curies":[{"name":"wp","href":"https:\/\/api.w.org\/{rel}","templated":true}]}}