{"id":675,"date":"2018-09-02T02:52:25","date_gmt":"2018-09-02T05:52:25","guid":{"rendered":"https:\/\/meubordado.com.br\/?post_type=product&#038;p=675"},"modified":"2024-04-13T15:49:55","modified_gmt":"2024-04-13T18:49:55","slug":"historia","status":"publish","type":"product","link":"https:\/\/meubordado.com\/?product=historia","title":{"rendered":"Hist\u00f3ria"},"content":{"rendered":"<p><strong>Logotipo Hist\u00f3ria\u00a0<\/strong><\/p>\n<p>Dimens\u00f5es: 79.9 x 48.6 mm ( Alt x Lar)<\/p>\n<p>Pontos: 6067\u00a0 \u00a0 Cores: 2<\/p>\n<p>Formatos que ser\u00e3o enviados: Pes, Jef, Dst<\/p>\n<p>Acompanha folha de produ\u00e7\u00e3o, com sequ\u00eancia de cores do bordado.<\/p>\n<p>Envio via: Download &#8211; na compra por cart\u00e3o o download \u00e9 liberado ap\u00f3s o pagamento, nas compras<br \/>\npor boleto ou transfer\u00eancia banc\u00e1ria \u00e9 liberado em 24 horas ap\u00f3s confirma\u00e7\u00e3o do pagamento.<\/p>\n<p>Pedimos para n\u00e3o redimensionar o tamanho do bordado.<\/p>\n<p>Para outros formatos,dimens\u00f5es ou apliques entre em contato atrav\u00e9s do e-mail ou pelo<br \/>\nnosso\u00a0whatsapp.<\/p>\n","protected":false},"excerpt":{"rendered":"<p><strong>Logotipo Hist\u00f3ria\u00a0<\/strong><\/p>\n<p>Dimens\u00f5es: 79.9 x 48.6 mm ( Alt x Lar)<\/p>\n<p>Pontos: 6067\u00a0 \u00a0 Cores: 2<\/p>\n<p>Formatos que ser\u00e3o enviados: Pes, Jef, Dst<\/p>\n<p>Acompanha folha de produ\u00e7\u00e3o, com sequ\u00eancia de cores do bordado.<\/p>\n","protected":false},"featured_media":5098,"comment_status":"open","ping_status":"closed","template":"","meta":[],"_links":{"self":[{"href":"https:\/\/meubordado.com\/index.php?rest_route=\/wp\/v2\/product\/675"}],"collection":[{"href":"https:\/\/meubordado.com\/index.php?rest_route=\/wp\/v2\/product"}],"about":[{"href":"https:\/\/meubordado.com\/index.php?rest_route=\/wp\/v2\/types\/product"}],"replies":[{"embeddable":true,"href":"https:\/\/meubordado.com\/index.php?rest_route=%2Fwp%2Fv2%2Fcomments&post=675"}],"wp:featuredmedia":[{"embeddable":true,"href":"https:\/\/meubordado.com\/index.php?rest_route=\/wp\/v2\/media\/5098"}],"wp:attachment":[{"href":"https:\/\/meubordado.com\/index.php?rest_route=%2Fwp%2Fv2%2Fmedia&parent=675"}],"curies":[{"name":"wp","href":"https:\/\/api.w.org\/{rel}","templated":true}]}}